{"id":17,"date":"2016-02-12T08:09:36","date_gmt":"2016-02-12T08:09:36","guid":{"rendered":"http:\/\/demos.famethemes.com\/onepress\/?page_id=17"},"modified":"2020-06-07T20:21:15","modified_gmt":"2020-06-07T20:21:15","slug":"our-history","status":"publish","type":"page","link":"https:\/\/islandpferdeneuhof.de\/?page_id=17","title":{"rendered":"Individuelle Halbpension"},"content":{"rendered":"<p>Wer kennt Dein Pferd besser als Du? Wer kann es besser versorgen als Du? Wir glauben niemand!<br \/>\nDamit Du Dein Pferd so gut versorgen kannst, wie es sonst niemand kann und Du gleichzeitig gen\u00fcgend Zeit f\u00fcrs Reiten hast, haben wir uns \u00fcberlegt, Dir m\u00f6glichst viele Dinge abzunehmen und zu erleichtern. So kannst Du wertvolle Zeit zusammen mit Deinem Pferd verbringen und lernst es ganz anders kennen.<\/p>\n<p>Jede Stallgruppe kann zusammen die Details im eigenen Stall selbst festlegen.<br \/>\nDie Arbeit direkt im Stall erledigst Du zusammen mit den anderen Menschen in der Stallgruppe. Daf\u00fcr ben\u00f6tigst Du, je nach Stall, ca. 2 x 30 Min. bis 1 Stunden pro Woche. Wenn Du jetzt leuchtende Augen bekommst und Dir schon vorstellst, wie sch\u00f6n es ist, l\u00e4nger beim Pferd sein zu k\u00f6nnen, dann ist das genau das richtige Stallkonzept f\u00fcr Dich. Wir zeigen Dir gerne wie alles geht.<\/p>\n<p>Gerne erkl\u00e4ren wir Dir noch mehr zum Konzept per Mail, per Nachricht, am Telefon oder pers\u00f6nlich auf dem Hof. Melde Dich einfach.<\/p>\n","protected":false},"excerpt":{"rendered":"<p>Nullam ut tempor eros. Donec faucibus, velit et imperdiet aliquam, lacus velit luctus urna, vitae porttitor orci libero id felis.<\/p>\n","protected":false},"author":2,"featured_media":2222,"parent":0,"menu_order":0,"comment_status":"closed","ping_status":"closed","template":"","meta":{"footnotes":""},"_links":{"self":[{"href":"https:\/\/islandpferdeneuhof.de\/index.php?rest_route=\/wp\/v2\/pages\/17"}],"collection":[{"href":"https:\/\/islandpferdeneuhof.de\/index.php?rest_route=\/wp\/v2\/pages"}],"about":[{"href":"https:\/\/islandpferdeneuhof.de\/index.php?rest_route=\/wp\/v2\/types\/page"}],"author":[{"embeddable":true,"href":"https:\/\/islandpferdeneuhof.de\/index.php?rest_route=\/wp\/v2\/users\/2"}],"replies":[{"embeddable":true,"href":"https:\/\/islandpferdeneuhof.de\/index.php?rest_route=%2Fwp%2Fv2%2Fcomments&post=17"}],"version-history":[{"count":10,"href":"https:\/\/islandpferdeneuhof.de\/index.php?rest_route=\/wp\/v2\/pages\/17\/revisions"}],"predecessor-version":[{"id":2228,"href":"https:\/\/islandpferdeneuhof.de\/index.php?rest_route=\/wp\/v2\/pages\/17\/revisions\/2228"}],"wp:featuredmedia":[{"embeddable":true,"href":"https:\/\/islandpferdeneuhof.de\/index.php?rest_route=\/wp\/v2\/media\/2222"}],"wp:attachment":[{"href":"https:\/\/islandpferdeneuhof.de\/index.php?rest_route=%2Fwp%2Fv2%2Fmedia&parent=17"}],"curies":[{"name":"wp","href":"https:\/\/api.w.org\/{rel}","templated":true}]}}