{"id":1729,"date":"2018-08-21T10:52:16","date_gmt":"2018-08-21T10:52:16","guid":{"rendered":"http:\/\/islandpferdeneuhof.de\/?page_id=1729"},"modified":"2018-10-19T19:30:53","modified_gmt":"2018-10-19T19:30:53","slug":"menschen-2","status":"publish","type":"page","link":"https:\/\/islandpferdeneuhof.de\/?page_id=1729","title":{"rendered":"Mensch"},"content":{"rendered":"<p>\u00dcbers Jahr verteilt treffen wir uns immer wieder, um zu brunchen zu grillen oder sonst was Sch\u00f6nes zu machen. Es gibt Neuhof-M\u00fctzen, Neuhof-Bekleidung und ein sauberes WC.<\/p>\n","protected":false},"excerpt":{"rendered":"<p>\u00dcbers Jahr verteilt treffen wir uns immer wieder, um zu brunchen zu grillen oder sonst was Sch\u00f6nes zu machen. Es gibt Neuhof-M\u00fctzen, Neuhof-Bekleidung und ein sauberes WC.<\/p>\n","protected":false},"author":1,"featured_media":0,"parent":0,"menu_order":0,"comment_status":"closed","ping_status":"closed","template":"","meta":{"footnotes":""},"_links":{"self":[{"href":"https:\/\/islandpferdeneuhof.de\/index.php?rest_route=\/wp\/v2\/pages\/1729"}],"collection":[{"href":"https:\/\/islandpferdeneuhof.de\/index.php?rest_route=\/wp\/v2\/pages"}],"about":[{"href":"https:\/\/islandpferdeneuhof.de\/index.php?rest_route=\/wp\/v2\/types\/page"}],"author":[{"embeddable":true,"href":"https:\/\/islandpferdeneuhof.de\/index.php?rest_route=\/wp\/v2\/users\/1"}],"replies":[{"embeddable":true,"href":"https:\/\/islandpferdeneuhof.de\/index.php?rest_route=%2Fwp%2Fv2%2Fcomments&post=1729"}],"version-history":[{"count":4,"href":"https:\/\/islandpferdeneuhof.de\/index.php?rest_route=\/wp\/v2\/pages\/1729\/revisions"}],"predecessor-version":[{"id":1769,"href":"https:\/\/islandpferdeneuhof.de\/index.php?rest_route=\/wp\/v2\/pages\/1729\/revisions\/1769"}],"wp:attachment":[{"href":"https:\/\/islandpferdeneuhof.de\/index.php?rest_route=%2Fwp%2Fv2%2Fmedia&parent=1729"}],"curies":[{"name":"wp","href":"https:\/\/api.w.org\/{rel}","templated":true}]}}